{"id":581,"date":"2026-01-09T17:19:16","date_gmt":"2026-01-09T16:19:16","guid":{"rendered":"https:\/\/cabinet-dentaire-dauzet.fr\/?page_id=581"},"modified":"2026-01-14T10:58:17","modified_gmt":"2026-01-14T09:58:17","slug":"mentions-legales","status":"publish","type":"page","link":"https:\/\/cabinet-dentaire-dauzet.fr\/index.php\/mentions-legales\/","title":{"rendered":"Mentions l\u00e9gales"},"content":{"rendered":"\t\t<div data-elementor-type=\"wp-page\" data-elementor-id=\"581\" class=\"elementor elementor-581\" data-elementor-post-type=\"page\">\n\t\t\t\t<div class=\"elementor-element elementor-element-37be74f e-con-full e-flex e-con e-parent\" data-id=\"37be74f\" data-element_type=\"container\">\n\t\t\t\t<div class=\"elementor-element elementor-element-ac4d733 elementor-widget elementor-widget-heading\" data-id=\"ac4d733\" data-element_type=\"widget\" data-widget_type=\"heading.default\">\n\t\t\t\t<div class=\"elementor-widget-container\">\n\t\t\t<style>\/*! elementor - v3.23.0 - 05-08-2024 *\/\n.elementor-heading-title{padding:0;margin:0;line-height:1}.elementor-widget-heading .elementor-heading-title[class*=elementor-size-]>a{color:inherit;font-size:inherit;line-height:inherit}.elementor-widget-heading .elementor-heading-title.elementor-size-small{font-size:15px}.elementor-widget-heading .elementor-heading-title.elementor-size-medium{font-size:19px}.elementor-widget-heading .elementor-heading-title.elementor-size-large{font-size:29px}.elementor-widget-heading .elementor-heading-title.elementor-size-xl{font-size:39px}.elementor-widget-heading .elementor-heading-title.elementor-size-xxl{font-size:59px}<\/style><h2 class=\"elementor-heading-title elementor-size-default\">Mentions l\u00e9gales<\/h2>\t\t<\/div>\n\t\t\t\t<\/div>\n\t\t\t\t<div class=\"elementor-element elementor-element-9c82a7f elementor-widget elementor-widget-text-editor\" data-id=\"9c82a7f\" data-element_type=\"widget\" data-widget_type=\"text-editor.default\">\n\t\t\t\t<div class=\"elementor-widget-container\">\n\t\t\t<style>\/*! elementor - v3.23.0 - 05-08-2024 *\/\n.elementor-widget-text-editor.elementor-drop-cap-view-stacked .elementor-drop-cap{background-color:#69727d;color:#fff}.elementor-widget-text-editor.elementor-drop-cap-view-framed .elementor-drop-cap{color:#69727d;border:3px solid;background-color:transparent}.elementor-widget-text-editor:not(.elementor-drop-cap-view-default) .elementor-drop-cap{margin-top:8px}.elementor-widget-text-editor:not(.elementor-drop-cap-view-default) .elementor-drop-cap-letter{width:1em;height:1em}.elementor-widget-text-editor .elementor-drop-cap{float:left;text-align:center;line-height:1;font-size:50px}.elementor-widget-text-editor .elementor-drop-cap-letter{display:inline-block}<\/style>\t\t\t\t<p><strong data-start=\"127\" data-end=\"149\">1. \u00c9diteur du site<\/strong><\/p><p data-start=\"151\" data-end=\"304\">Le site <strong data-start=\"159\" data-end=\"186\"><a class=\"decorated-link\" href=\"https:\/\/cabinet-dentaire-dauzet.fr\/\" target=\"_new\" rel=\"noopener\" data-start=\"161\" data-end=\"184\">https:\/\/cabinet-dentaire-dauzet.fr\/<\/a><\/strong> est \u00e9dit\u00e9 par le <strong data-start=\"204\" data-end=\"238\">Cabinet dentaire Dauzet<\/strong>, inscrit au r\u00e9pertoire SIRET sous le num\u00e9ro <strong data-start=\"283\" data-end=\"301\">47940969000027<\/strong>.<\/p><p data-start=\"306\" data-end=\"387\"><strong data-start=\"306\" data-end=\"319\">Adresse :<\/strong><br data-start=\"319\" data-end=\"322\" \/>9 Bd Mal de Lattre de Tassigny<br data-start=\"343\" data-end=\"346\" \/>83310 Cogolin<\/p><p data-start=\"306\" data-end=\"387\">Pour toute question relative au site ou \u00e0 son utilisation, vous pouvez contacter le cabinet \u00e0 l\u2019adresse : <strong>secretariat@dentiste-cogolin.fr<\/strong><\/p><hr data-start=\"526\" data-end=\"529\" \/><h2 data-start=\"531\" data-end=\"552\"><strong data-start=\"534\" data-end=\"552\">2. H\u00e9bergement<\/strong><\/h2><p data-start=\"554\" data-end=\"581\">Le site est h\u00e9berg\u00e9 par :<\/p><p data-start=\"583\" data-end=\"636\"><strong data-start=\"583\" data-end=\"590\">OVH<\/strong><br data-start=\"590\" data-end=\"593\" \/>2 rue Kellermann<br data-start=\"609\" data-end=\"612\" \/>59100 Roubaix<br data-start=\"625\" data-end=\"628\" \/>France<\/p><hr data-start=\"638\" data-end=\"641\" \/><h2 data-start=\"643\" data-end=\"678\"><strong data-start=\"646\" data-end=\"678\">3. Conception et r\u00e9alisation<\/strong><\/h2><p data-start=\"680\" data-end=\"774\">La conception et le d\u00e9veloppement du site <strong data-start=\"722\" data-end=\"749\"><a class=\"decorated-link\" href=\"https:\/\/avocats-ccr.fr\/\" target=\"_new\" rel=\"noopener\" data-start=\"724\" data-end=\"747\">https:\/\/<\/a><a class=\"decorated-link\" href=\"https:\/\/cabinet-dentaire-dauzet.fr\/\" target=\"_new\" rel=\"noopener\" data-start=\"161\" data-end=\"184\">cabinet-dentaire-dauzet.fr\/<\/a><\/strong>\u00a0ont \u00e9t\u00e9 r\u00e9alis\u00e9s par :<\/p><p data-start=\"776\" data-end=\"868\"><strong data-start=\"776\" data-end=\"798\">Agence R Num\u00e9rique<\/strong><br data-start=\"798\" data-end=\"801\" \/>Saint Gilles les Bains<br data-start=\"812\" data-end=\"815\" \/>5 impasse de la Gerbe d&rsquo;Or<br data-start=\"776\" data-end=\"868\" \/>97434 Saint-Paul<br data-start=\"853\" data-end=\"856\" \/>La R\u00e9union<\/p><p data-start=\"870\" data-end=\"914\">Site : <strong data-start=\"877\" data-end=\"914\"><a class=\"decorated-link\" href=\"https:\/\/www.agence-rnumerique.com\" target=\"_new\" rel=\"noopener\" data-start=\"879\" data-end=\"912\">https:\/\/www.agence-rnumerique.com<\/a><\/strong><\/p><hr data-start=\"916\" data-end=\"919\" \/><h2 data-start=\"921\" data-end=\"958\"><strong data-start=\"924\" data-end=\"958\">4. Donn\u00e9es personnelles \u2013 RGPD<\/strong><\/h2><p data-start=\"960\" data-end=\"1112\">La navigation sur ce site est s\u00e9curis\u00e9e gr\u00e2ce \u00e0 un certificat SSL.<br data-start=\"1026\" data-end=\"1029\" \/>Aucune donn\u00e9e personnelle n\u2019est collect\u00e9e automatiquement lors de votre navigation.<\/p><p data-start=\"1114\" data-end=\"1345\">En cas de prise de contact (formulaire, e-mail ou t\u00e9l\u00e9phone), les informations que vous transmettez sont utilis\u00e9es <strong data-start=\"1229\" data-end=\"1273\">uniquement pour r\u00e9pondre \u00e0 votre demande<\/strong>. Elles ne sont <strong data-start=\"1289\" data-end=\"1317\">ni vendues, ni \u00e9chang\u00e9es<\/strong>, ni transmises \u00e0 des tiers.<\/p><p data-start=\"1347\" data-end=\"1386\">Conform\u00e9ment au RGPD, vous disposez :<\/p><ul data-start=\"1387\" data-end=\"1545\"><li data-start=\"1387\" data-end=\"1410\"><p data-start=\"1389\" data-end=\"1410\">d\u2019un droit d\u2019acc\u00e8s,<\/p><\/li><li data-start=\"1411\" data-end=\"1443\"><p data-start=\"1413\" data-end=\"1443\">d\u2019un droit de rectification,<\/p><\/li><li data-start=\"1444\" data-end=\"1472\"><p data-start=\"1446\" data-end=\"1472\">d\u2019un droit d\u2019effacement,<\/p><\/li><li data-start=\"1473\" data-end=\"1501\"><p data-start=\"1475\" data-end=\"1501\">d\u2019un droit d\u2019opposition,<\/p><\/li><li data-start=\"1502\" data-end=\"1545\"><p data-start=\"1504\" data-end=\"1545\">d\u2019un droit \u00e0 la limitation du traitement.<\/p><\/li><\/ul><p data-start=\"1547\" data-end=\"1615\">Pour exercer vos droits, contactez :<br data-start=\"1583\" data-end=\"1586\" \/><strong data-start=\"1586\" data-end=\"1615\"><a class=\"decorated-link cursor-pointer\" rel=\"noopener\" data-start=\"1588\" data-end=\"1613\">secretariat@dentiste-cogolin.fr<\/a><\/strong><\/p><hr data-start=\"1617\" data-end=\"1620\" \/><h2 data-start=\"1622\" data-end=\"1639\"><strong data-start=\"1625\" data-end=\"1639\">5. Cookies<\/strong><\/h2><p data-start=\"1641\" data-end=\"1821\">Le site utilise uniquement des <strong data-start=\"1672\" data-end=\"1707\">cookies strictement n\u00e9cessaires<\/strong> \u00e0 son bon fonctionnement.<br data-start=\"1733\" data-end=\"1736\" \/>Ils ne peuvent \u00eatre d\u00e9sactiv\u00e9s sans d\u00e9grader l\u2019affichage et l\u2019exp\u00e9rience utilisateur.<\/p><p data-start=\"1823\" data-end=\"1900\">Le site <strong data-start=\"1831\" data-end=\"1871\">n\u2019effectue aucun suivi de navigation<\/strong> ni collecte de statistiques.<\/p><hr data-start=\"1902\" data-end=\"1905\" \/><h2 data-start=\"1907\" data-end=\"1941\"><strong data-start=\"1910\" data-end=\"1941\">6. Propri\u00e9t\u00e9 intellectuelle<\/strong><\/h2><p data-start=\"1943\" data-end=\"2102\">Les contenus pr\u00e9sents sur le site (textes, images, \u00e9l\u00e9ments graphiques) sont la propri\u00e9t\u00e9 du <strong data-start=\"2036\" data-end=\"2070\">Cabinet dentaire Dauzet<\/strong>, ou utilis\u00e9s avec autorisation.<\/p><p data-start=\"2104\" data-end=\"2239\">Toute reproduction, distribution, copie ou exploitation, totale ou partielle, est <strong data-start=\"2186\" data-end=\"2227\">interdite sans accord \u00e9crit pr\u00e9alable<\/strong> du Cabinet.<\/p><hr data-start=\"2241\" data-end=\"2244\" \/><h2 data-start=\"2246\" data-end=\"2270\"><strong data-start=\"2249\" data-end=\"2270\">7. Responsabilit\u00e9<\/strong><\/h2><p data-start=\"2272\" data-end=\"2339\">Le Cabinet dentaire Dauzet ne peut \u00eatre tenu responsable :<\/p><ul data-start=\"2340\" data-end=\"2599\"><li data-start=\"2340\" data-end=\"2421\"><p data-start=\"2342\" data-end=\"2421\">des interruptions ou dysfonctionnements du site, quelle qu\u2019en soit la cause ;<\/p><\/li><li data-start=\"2422\" data-end=\"2490\"><p data-start=\"2424\" data-end=\"2490\">des dommages directs ou indirects li\u00e9s \u00e0 l\u2019utilisation du site ;<\/p><\/li><li data-start=\"2491\" data-end=\"2599\"><pre data-start=\"2493\" data-end=\"2599\">du contenu des sites tiers accessibles via des liens hypertextes pr\u00e9sents sur <strong data-start=\"2571\" data-end=\"2598\"><a class=\"decorated-link\" href=\"https:\/\/avocats-ccr.fr\/\" target=\"_new\" rel=\"noopener\" data-start=\"2573\" data-end=\"2596\">https:\/\/cabinet-dentaire-dauzet.fr\/<\/a><\/strong>.<\/pre><\/li><\/ul><p data-start=\"2601\" data-end=\"2695\">L\u2019acc\u00e8s au site peut \u00eatre suspendu \u00e0 tout moment pour maintenance ou mise \u00e0 jour sans pr\u00e9avis.<\/p><hr data-start=\"2697\" data-end=\"2700\" \/><h2 data-start=\"2702\" data-end=\"2728\"><strong data-start=\"2705\" data-end=\"2728\">8. Droit applicable<\/strong><\/h2><p data-start=\"2730\" data-end=\"2902\">Les pr\u00e9sentes mentions l\u00e9gales sont r\u00e9gies par le droit fran\u00e7ais.<br data-start=\"2795\" data-end=\"2798\" \/>Tout litige relatif \u00e0 leur interpr\u00e9tation ou \u00e0 l\u2019utilisation du site rel\u00e8ve des juridictions fran\u00e7aises.<\/p>\t\t\t\t\t\t<\/div>\n\t\t\t\t<\/div>\n\t\t\t\t<\/div>\n\t\t\t\t<\/div>\n\t\t","protected":false},"excerpt":{"rendered":"<p>Mentions l\u00e9gales 1. \u00c9diteur du site Le site https:\/\/cabinet-dentaire-dauzet.fr\/ est \u00e9dit\u00e9 par le Cabinet dentaire Dauzet, inscrit au r\u00e9pertoire SIRET sous le num\u00e9ro 47940969000027. Adresse :9 Bd Mal de Lattre de Tassigny83310 Cogolin Pour toute question relative au site ou \u00e0 son utilisation, vous pouvez contacter le cabinet \u00e0 l\u2019adresse : secretariat@dentiste-cogolin.fr 2. H\u00e9bergement Le [&hellip;]<\/p>\n","protected":false},"author":1,"featured_media":0,"parent":0,"menu_order":0,"comment_status":"closed","ping_status":"closed","template":"","meta":{"footnotes":""},"class_list":["post-581","page","type-page","status-publish","hentry"],"yoast_head":"<!-- This site is optimized with the Yoast SEO plugin v23.7 - https:\/\/yoast.com\/wordpress\/plugins\/seo\/ -->\n<title>Mentions l\u00e9gales - Cabinet dentaire DAUZET<\/title>\n<meta name=\"robots\" content=\"index, follow, max-snippet:-1, max-image-preview:large, max-video-preview:-1\" \/>\n<link rel=\"canonical\" href=\"https:\/\/cabinet-dentaire-dauzet.fr\/index.php\/mentions-legales\/\" \/>\n<meta property=\"og:locale\" content=\"fr_FR\" \/>\n<meta property=\"og:type\" content=\"article\" \/>\n<meta property=\"og:title\" content=\"Mentions l\u00e9gales - Cabinet dentaire DAUZET\" \/>\n<meta property=\"og:description\" content=\"Mentions l\u00e9gales 1. \u00c9diteur du site Le site https:\/\/cabinet-dentaire-dauzet.fr\/ est \u00e9dit\u00e9 par le Cabinet dentaire Dauzet, inscrit au r\u00e9pertoire SIRET sous le num\u00e9ro 47940969000027. Adresse :9 Bd Mal de Lattre de Tassigny83310 Cogolin Pour toute question relative au site ou \u00e0 son utilisation, vous pouvez contacter le cabinet \u00e0 l\u2019adresse : secretariat@dentiste-cogolin.fr 2. H\u00e9bergement Le [&hellip;]\" \/>\n<meta property=\"og:url\" content=\"https:\/\/cabinet-dentaire-dauzet.fr\/index.php\/mentions-legales\/\" \/>\n<meta property=\"og:site_name\" content=\"Cabinet dentaire DAUZET\" \/>\n<meta property=\"article:modified_time\" content=\"2026-01-14T09:58:17+00:00\" \/>\n<meta property=\"og:image\" content=\"https:\/\/cabinet-dentaire-dauzet.fr\/wp-content\/uploads\/2024\/08\/LOGO-DOCTEUR-DAUZET.png\" \/>\n\t<meta property=\"og:image:width\" content=\"1000\" \/>\n\t<meta property=\"og:image:height\" content=\"1000\" \/>\n\t<meta property=\"og:image:type\" content=\"image\/png\" \/>\n<meta name=\"twitter:card\" content=\"summary_large_image\" \/>\n<meta name=\"twitter:label1\" content=\"Dur\u00e9e de lecture estim\u00e9e\" \/>\n\t<meta name=\"twitter:data1\" content=\"2 minutes\" \/>\n<script type=\"application\/ld+json\" class=\"yoast-schema-graph\">{\"@context\":\"https:\/\/schema.org\",\"@graph\":[{\"@type\":\"WebPage\",\"@id\":\"https:\/\/cabinet-dentaire-dauzet.fr\/index.php\/mentions-legales\/\",\"url\":\"https:\/\/cabinet-dentaire-dauzet.fr\/index.php\/mentions-legales\/\",\"name\":\"Mentions l\u00e9gales - Cabinet dentaire DAUZET\",\"isPartOf\":{\"@id\":\"https:\/\/cabinet-dentaire-dauzet.fr\/#website\"},\"datePublished\":\"2026-01-09T16:19:16+00:00\",\"dateModified\":\"2026-01-14T09:58:17+00:00\",\"breadcrumb\":{\"@id\":\"https:\/\/cabinet-dentaire-dauzet.fr\/index.php\/mentions-legales\/#breadcrumb\"},\"inLanguage\":\"fr-FR\",\"potentialAction\":[{\"@type\":\"ReadAction\",\"target\":[\"https:\/\/cabinet-dentaire-dauzet.fr\/index.php\/mentions-legales\/\"]}]},{\"@type\":\"BreadcrumbList\",\"@id\":\"https:\/\/cabinet-dentaire-dauzet.fr\/index.php\/mentions-legales\/#breadcrumb\",\"itemListElement\":[{\"@type\":\"ListItem\",\"position\":1,\"name\":\"Accueil\",\"item\":\"https:\/\/cabinet-dentaire-dauzet.fr\/\"},{\"@type\":\"ListItem\",\"position\":2,\"name\":\"Mentions l\u00e9gales\"}]},{\"@type\":\"WebSite\",\"@id\":\"https:\/\/cabinet-dentaire-dauzet.fr\/#website\",\"url\":\"https:\/\/cabinet-dentaire-dauzet.fr\/\",\"name\":\"Cabinet dentaire DAUZET\",\"description\":\"cabinet dentaire \u00e0 Cogolin, golfe de saint-tropez\",\"publisher\":{\"@id\":\"https:\/\/cabinet-dentaire-dauzet.fr\/#organization\"},\"potentialAction\":[{\"@type\":\"SearchAction\",\"target\":{\"@type\":\"EntryPoint\",\"urlTemplate\":\"https:\/\/cabinet-dentaire-dauzet.fr\/?s={search_term_string}\"},\"query-input\":{\"@type\":\"PropertyValueSpecification\",\"valueRequired\":true,\"valueName\":\"search_term_string\"}}],\"inLanguage\":\"fr-FR\"},{\"@type\":\"Organization\",\"@id\":\"https:\/\/cabinet-dentaire-dauzet.fr\/#organization\",\"name\":\"Cabinet dentaire DAUZET\",\"url\":\"https:\/\/cabinet-dentaire-dauzet.fr\/\",\"logo\":{\"@type\":\"ImageObject\",\"inLanguage\":\"fr-FR\",\"@id\":\"https:\/\/cabinet-dentaire-dauzet.fr\/#\/schema\/logo\/image\/\",\"url\":\"https:\/\/cabinet-dentaire-dauzet.fr\/wp-content\/uploads\/2024\/08\/LOGO-DOCTEUR-DAUZET.png\",\"contentUrl\":\"https:\/\/cabinet-dentaire-dauzet.fr\/wp-content\/uploads\/2024\/08\/LOGO-DOCTEUR-DAUZET.png\",\"width\":1000,\"height\":1000,\"caption\":\"Cabinet dentaire DAUZET\"},\"image\":{\"@id\":\"https:\/\/cabinet-dentaire-dauzet.fr\/#\/schema\/logo\/image\/\"}}]}<\/script>\n<!-- \/ Yoast SEO plugin. -->","yoast_head_json":{"title":"Mentions l\u00e9gales - Cabinet dentaire DAUZET","robots":{"index":"index","follow":"follow","max-snippet":"max-snippet:-1","max-image-preview":"max-image-preview:large","max-video-preview":"max-video-preview:-1"},"canonical":"https:\/\/cabinet-dentaire-dauzet.fr\/index.php\/mentions-legales\/","og_locale":"fr_FR","og_type":"article","og_title":"Mentions l\u00e9gales - Cabinet dentaire DAUZET","og_description":"Mentions l\u00e9gales 1. \u00c9diteur du site Le site https:\/\/cabinet-dentaire-dauzet.fr\/ est \u00e9dit\u00e9 par le Cabinet dentaire Dauzet, inscrit au r\u00e9pertoire SIRET sous le num\u00e9ro 47940969000027. Adresse :9 Bd Mal de Lattre de Tassigny83310 Cogolin Pour toute question relative au site ou \u00e0 son utilisation, vous pouvez contacter le cabinet \u00e0 l\u2019adresse : secretariat@dentiste-cogolin.fr 2. H\u00e9bergement Le [&hellip;]","og_url":"https:\/\/cabinet-dentaire-dauzet.fr\/index.php\/mentions-legales\/","og_site_name":"Cabinet dentaire DAUZET","article_modified_time":"2026-01-14T09:58:17+00:00","og_image":[{"width":1000,"height":1000,"url":"https:\/\/cabinet-dentaire-dauzet.fr\/wp-content\/uploads\/2024\/08\/LOGO-DOCTEUR-DAUZET.png","type":"image\/png"}],"twitter_card":"summary_large_image","twitter_misc":{"Dur\u00e9e de lecture estim\u00e9e":"2 minutes"},"schema":{"@context":"https:\/\/schema.org","@graph":[{"@type":"WebPage","@id":"https:\/\/cabinet-dentaire-dauzet.fr\/index.php\/mentions-legales\/","url":"https:\/\/cabinet-dentaire-dauzet.fr\/index.php\/mentions-legales\/","name":"Mentions l\u00e9gales - Cabinet dentaire DAUZET","isPartOf":{"@id":"https:\/\/cabinet-dentaire-dauzet.fr\/#website"},"datePublished":"2026-01-09T16:19:16+00:00","dateModified":"2026-01-14T09:58:17+00:00","breadcrumb":{"@id":"https:\/\/cabinet-dentaire-dauzet.fr\/index.php\/mentions-legales\/#breadcrumb"},"inLanguage":"fr-FR","potentialAction":[{"@type":"ReadAction","target":["https:\/\/cabinet-dentaire-dauzet.fr\/index.php\/mentions-legales\/"]}]},{"@type":"BreadcrumbList","@id":"https:\/\/cabinet-dentaire-dauzet.fr\/index.php\/mentions-legales\/#breadcrumb","itemListElement":[{"@type":"ListItem","position":1,"name":"Accueil","item":"https:\/\/cabinet-dentaire-dauzet.fr\/"},{"@type":"ListItem","position":2,"name":"Mentions l\u00e9gales"}]},{"@type":"WebSite","@id":"https:\/\/cabinet-dentaire-dauzet.fr\/#website","url":"https:\/\/cabinet-dentaire-dauzet.fr\/","name":"Cabinet dentaire DAUZET","description":"cabinet dentaire \u00e0 Cogolin, golfe de saint-tropez","publisher":{"@id":"https:\/\/cabinet-dentaire-dauzet.fr\/#organization"},"potentialAction":[{"@type":"SearchAction","target":{"@type":"EntryPoint","urlTemplate":"https:\/\/cabinet-dentaire-dauzet.fr\/?s={search_term_string}"},"query-input":{"@type":"PropertyValueSpecification","valueRequired":true,"valueName":"search_term_string"}}],"inLanguage":"fr-FR"},{"@type":"Organization","@id":"https:\/\/cabinet-dentaire-dauzet.fr\/#organization","name":"Cabinet dentaire DAUZET","url":"https:\/\/cabinet-dentaire-dauzet.fr\/","logo":{"@type":"ImageObject","inLanguage":"fr-FR","@id":"https:\/\/cabinet-dentaire-dauzet.fr\/#\/schema\/logo\/image\/","url":"https:\/\/cabinet-dentaire-dauzet.fr\/wp-content\/uploads\/2024\/08\/LOGO-DOCTEUR-DAUZET.png","contentUrl":"https:\/\/cabinet-dentaire-dauzet.fr\/wp-content\/uploads\/2024\/08\/LOGO-DOCTEUR-DAUZET.png","width":1000,"height":1000,"caption":"Cabinet dentaire DAUZET"},"image":{"@id":"https:\/\/cabinet-dentaire-dauzet.fr\/#\/schema\/logo\/image\/"}}]}},"_links":{"self":[{"href":"https:\/\/cabinet-dentaire-dauzet.fr\/index.php\/wp-json\/wp\/v2\/pages\/581","targetHints":{"allow":["GET"]}}],"collection":[{"href":"https:\/\/cabinet-dentaire-dauzet.fr\/index.php\/wp-json\/wp\/v2\/pages"}],"about":[{"href":"https:\/\/cabinet-dentaire-dauzet.fr\/index.php\/wp-json\/wp\/v2\/types\/page"}],"author":[{"embeddable":true,"href":"https:\/\/cabinet-dentaire-dauzet.fr\/index.php\/wp-json\/wp\/v2\/users\/1"}],"replies":[{"embeddable":true,"href":"https:\/\/cabinet-dentaire-dauzet.fr\/index.php\/wp-json\/wp\/v2\/comments?post=581"}],"version-history":[{"count":27,"href":"https:\/\/cabinet-dentaire-dauzet.fr\/index.php\/wp-json\/wp\/v2\/pages\/581\/revisions"}],"predecessor-version":[{"id":618,"href":"https:\/\/cabinet-dentaire-dauzet.fr\/index.php\/wp-json\/wp\/v2\/pages\/581\/revisions\/618"}],"wp:attachment":[{"href":"https:\/\/cabinet-dentaire-dauzet.fr\/index.php\/wp-json\/wp\/v2\/media?parent=581"}],"curies":[{"name":"wp","href":"https:\/\/api.w.org\/{rel}","templated":true}]}}